{"id":3197,"date":"2017-07-20T17:54:59","date_gmt":"2017-07-20T20:54:59","guid":{"rendered":"http:\/\/www.hotelpraiagrande.com.br\/novo\/?page_id=3197"},"modified":"2024-10-14T18:07:56","modified_gmt":"2024-10-14T21:07:56","slug":"acomodacoes","status":"publish","type":"page","link":"https:\/\/www.hotelpraiagrande.com.br\/novo\/acomodacoes\/","title":{"rendered":"Acomoda\u00e7\u00f5es"},"content":{"rendered":"<div class=\"wpb-content-wrapper\"><p>[vc_row css=&#8221;.vc_custom_1513691881607{padding-top: 120px !important;}&#8221;][vc_column width=&#8221;1\/3&#8243;][vc_empty_space height=&#8221;40px&#8221;][vc_column_text]<\/p>\n<h2>Acomoda\u00e7\u00f5es<\/h2>\n<p>[\/vc_column_text][vc_empty_space height=&#8221;40px&#8221;][\/vc_column][vc_column width=&#8221;2\/3&#8243;][vc_column_text]<\/p>\n<div style=\"border-left: 1px solid #c2c2c2; padding: 15px 0 5px 7%;\">\n<h4>\u00a0<strong>Conhe\u00e7a nossas acomoda\u00e7\u00f5es<\/strong><\/h4>\n<p>Ambientes\u00a0para quem busca conforto e tranquilidade, para voc\u00ea e sua fam\u00edlia.<\/p>\n<p>Cada apartamento \u00e9 cuidadosamente preparado para proporcionar um ambiente confort\u00e1vel. Quartos com banheiros amplos, equipados com TV, frigobar, ar-condicionado, cofre e varanda. Al\u00e9m de su\u00edtes com uma vis\u00e3o privilegiada do mar.<\/p>\n<p>Contamos tamb\u00e9m com o servi\u00e7o de decora\u00e7\u00e3o rom\u00e2ntica, para ocasi\u00f5es especiais.<\/p><\/div>\n<p>[\/vc_column_text][\/vc_column][\/vc_row][vc_row][vc_column][vc_empty_space height=&#8221;50px&#8221;][\/vc_column][\/vc_row][vc_row][vc_column][vc_media_grid element_width=&#8221;3&#8243; item=&#8221;mediaGrid_SimpleOverlay&#8221; grid_id=&#8221;vc_gid:1728939942339-6e92591ec82acec5ef9b65c1e19063de-0&#8243; include=&#8221;12654,12659,12661,12665,12645,12644,12617,12668&#8243;][\/vc_column][\/vc_row][vc_row][vc_column][vc_empty_space height=&#8221;80px&#8221;][\/vc_column][\/vc_row]<\/p>\n<\/div>","protected":false},"excerpt":{"rendered":"<p>[vc_row css=&#8221;.vc_custom_1513691881607{padding-top: 120px !important;}&#8221;][vc_column width=&#8221;1\/3&#8243;][vc_empty_space height=&#8221;40px&#8221;][vc_column_text] Acomoda\u00e7\u00f5es [\/vc_column_text][vc_empty_space height=&#8221;40px&#8221;][\/vc_column][vc_column width=&#8221;2\/3&#8243;][vc_column_text] \u00a0Conhe\u00e7a nossas acomoda\u00e7\u00f5es Ambientes\u00a0para quem busca conforto e tranquilidade, para voc\u00ea e sua fam\u00edlia. Cada apartamento<span class=\"excerpt-hellip\"> [\u2026]<\/span><\/p>\n","protected":false},"author":1,"featured_media":0,"parent":0,"menu_order":0,"comment_status":"closed","ping_status":"closed","template":"","meta":{"footnotes":"","_links_to":"","_links_to_target":""},"class_list":["post-3197","page","type-page","status-publish","hentry"],"_links":{"self":[{"href":"https:\/\/www.hotelpraiagrande.com.br\/novo\/wp-json\/wp\/v2\/pages\/3197","targetHints":{"allow":["GET"]}}],"collection":[{"href":"https:\/\/www.hotelpraiagrande.com.br\/novo\/wp-json\/wp\/v2\/pages"}],"about":[{"href":"https:\/\/www.hotelpraiagrande.com.br\/novo\/wp-json\/wp\/v2\/types\/page"}],"author":[{"embeddable":true,"href":"https:\/\/www.hotelpraiagrande.com.br\/novo\/wp-json\/wp\/v2\/users\/1"}],"replies":[{"embeddable":true,"href":"https:\/\/www.hotelpraiagrande.com.br\/novo\/wp-json\/wp\/v2\/comments?post=3197"}],"version-history":[{"count":88,"href":"https:\/\/www.hotelpraiagrande.com.br\/novo\/wp-json\/wp\/v2\/pages\/3197\/revisions"}],"predecessor-version":[{"id":12685,"href":"https:\/\/www.hotelpraiagrande.com.br\/novo\/wp-json\/wp\/v2\/pages\/3197\/revisions\/12685"}],"wp:attachment":[{"href":"https:\/\/www.hotelpraiagrande.com.br\/novo\/wp-json\/wp\/v2\/media?parent=3197"}],"curies":[{"name":"wp","href":"https:\/\/api.w.org\/{rel}","templated":true}]}}