{"id":28,"date":"2015-11-25T10:15:42","date_gmt":"2015-11-25T10:15:42","guid":{"rendered":"http:\/\/themes.muffingroup.com\/be\/hotel2\/?page_id=28"},"modified":"2024-03-16T09:45:14","modified_gmt":"2024-03-16T12:45:14","slug":"o-hotel","status":"publish","type":"page","link":"https:\/\/www.hotelpraiagrande.com.br\/novo\/o-hotel\/","title":{"rendered":"O Hotel"},"content":{"rendered":"<div class=\"wpb-content-wrapper\"><p>[vc_row css=&#8221;.vc_custom_1487862659475{padding-top: 120px !important;padding-bottom: 80px !important;}&#8221;][vc_column width=&#8221;1\/4&#8243;][vc_column_text]<\/p>\n<h2>O Hotel<\/h2>\n<p>[\/vc_column_text][\/vc_column][vc_column width=&#8221;3\/4&#8243;][vc_column_text]<\/p>\n<div style=\"border-left: 1px solid #c2c2c2; padding: 15px 0 5px 7%;\">\n<h4><strong>O\u00a0Praia Grande Hotel\u00a0<\/strong>est\u00e1 localizado na beira da praia, com uma excelente estrutura para atender a seus clientes.<\/h4>\n<p>&#8211; Apartamentos com su\u00edte e varanda, tv, frigobar, ar condicionado e telefone<br \/>\n&#8211; Piscina para adultos e crian\u00e7as com cascata;<br \/>\n&#8211; Bar piscina<br \/>\n&#8211; American bar<br \/>\n&#8211; Sala de TV<br \/>\n&#8211; Sal\u00e3o de conven\u00e7\u00f5es completo.<br \/>\n&#8211; Play Ground<br \/>\n&#8211; Sala de jogos<br \/>\n&#8211; Tobo\u00e1gua<\/p>\n<p>Todos os ambientes foram criados para proporcionar o m\u00e1ximo de conforto, comodidade e total satisfa\u00e7\u00e3o a nossos h\u00f3spedes; o que certamente justifica a certifica\u00e7\u00e3o como o Hotel Tr\u00eas Estrelas!!<\/p>\n<p>\u00c9 o Praia Grande Hotel sempre inovando para trazer o mais moderno e o melhor a seus h\u00f3spedes!<\/p><\/div>\n<p>[\/vc_column_text][\/vc_column][\/vc_row][vc_row full_width=&#8221;stretch_row_content_no_spaces&#8221; disable_element=&#8221;yes&#8221; css=&#8221;.vc_custom_1513278507377{margin-top: 0px !important;margin-right: 0px !important;margin-bottom: 0px !important;margin-left: 0px !important;border-top-width: 0px !important;border-right-width: 0px !important;border-bottom-width: 0px !important;border-left-width: 0px !important;padding-top: 0px !important;padding-right: 0px !important;padding-bottom: 0px !important;padding-left: 0px !important;}&#8221;][vc_column width=&#8221;1\/2&#8243; css=&#8221;.vc_custom_1487860081078{margin-top: 0px !important;margin-right: 0px !important;margin-bottom: 0px !important;margin-left: 0px !important;border-top-width: 0px !important;border-right-width: 0px !important;border-bottom-width: 0px !important;border-left-width: 0px !important;padding-top: 250px !important;padding-right: 0px !important;padding-bottom: 250px !important;padding-left: 0px !important;background-image: url(https:\/\/www.hotelpraiagrande.com.br\/novo\/wp-content\/uploads\/2015\/11\/o-hotel-01.jpg?id=3082) !important;}&#8221;][\/vc_column][vc_column width=&#8221;1\/2&#8243; css=&#8221;.vc_custom_1487860026605{margin-top: 0px !important;margin-right: 0px !important;margin-bottom: 0px !important;margin-left: 0px !important;border-top-width: 0px !important;border-right-width: 0px !important;border-bottom-width: 0px !important;border-left-width: 0px !important;padding-top: 250px !important;padding-right: 0px !important;padding-bottom: 250px !important;padding-left: 0px !important;background-image: url(https:\/\/www.hotelpraiagrande.com.br\/novo\/wp-content\/uploads\/2015\/11\/o-hotel-02.jpg?id=3083) !important;}&#8221;][\/vc_column][\/vc_row][vc_row][vc_column][vc_media_grid element_width=&#8221;2&#8243; gap=&#8221;10&#8243; item=&#8221;mediaGrid_SimpleOverlay&#8221; grid_id=&#8221;vc_gid:1710592417186-2d5bb7e97f3aaa04373b55e329097b96-1&#8243; include=&#8221;12614,12615,12616,12618,12619,12623,12624,12629,12621&#8243;][\/vc_column][\/vc_row][vc_row full_width=&#8221;stretch_row&#8221; css=&#8221;.vc_custom_1513282368673{padding-top: 60px !important;padding-bottom: 60px !important;background-image: url(https:\/\/www.hotelpraiagrande.com.br\/novo\/wp-content\/uploads\/2015\/11\/home_hotel2_pattern.png?id=9) !important;background-position: 0 0 !important;background-repeat: repeat !important;}&#8221;][vc_column][vc_single_image image=&#8221;3081&#8243; alignment=&#8221;center&#8221;][vc_column_text]<\/p>\n<h3 style=\"text-align: center; line-height: 1.2em;\">Todos os ambientes foram criados para proporcionar o m\u00e1ximo de conforto, comodidade e total satisfa\u00e7\u00e3o a nossos h\u00f3spedes; o que certamente justifica a certifica\u00e7\u00e3o como o Hotel Tr\u00eas Estrelas!!<\/h3>\n<p>[\/vc_column_text][\/vc_column][\/vc_row][vc_row disable_element=&#8221;yes&#8221; css=&#8221;.vc_custom_1513278330023{margin-top: 70px !important;margin-bottom: 40px !important;border-top-width: 1px !important;border-bottom-width: 1px !important;padding-top: 30px !important;padding-bottom: 30px !important;border-top-color: #e5e5e5 !important;border-top-style: dashed !important;border-bottom-color: #e5e5e5 !important;border-bottom-style: dashed !important;}&#8221;][vc_column width=&#8221;1\/2&#8243;]<div class=\"list_item lists_2 clearfix\"><div class=\"list_left list_image\"><img loading=\"lazy\" decoding=\"async\" src=\"https:\/\/www.hotelpraiagrande.com.br\/novo\/wp-content\/uploads\/2015\/11\/icon_din.png\" class=\"scale-with-grid\" alt=\"icon_din\" width=\"77\" height=\"77\"\/><\/div><div class=\"list_right\"><h4 class=\"title \">Sem taxas escondidas<\/h4><div class=\"desc\">Nullam interdum pellentesque orci at luctus. Vivamus scelerisque purus et auctor iaculis.<\/div><\/div><\/div>\n<div class=\"list_item lists_2 clearfix\"><div class=\"list_left list_image\"><img loading=\"lazy\" decoding=\"async\" src=\"https:\/\/www.hotelpraiagrande.com.br\/novo\/wp-content\/uploads\/2015\/11\/icon_din.png\" class=\"scale-with-grid\" alt=\"icon_din\" width=\"77\" height=\"77\"\/><\/div><div class=\"list_right\"><h4 class=\"title \">Sem taxas escondidas<\/h4><div class=\"desc\">Nullam interdum pellentesque orci at luctus. Vivamus scelerisque purus et auctor iaculis.<\/div><\/div><\/div>\n<div class=\"list_item lists_2 clearfix\"><div class=\"list_left list_image\"><img loading=\"lazy\" decoding=\"async\" src=\"https:\/\/www.hotelpraiagrande.com.br\/novo\/wp-content\/uploads\/2015\/11\/icon_din.png\" class=\"scale-with-grid\" alt=\"icon_din\" width=\"77\" height=\"77\"\/><\/div><div class=\"list_right\"><h4 class=\"title \">Sem taxas escondidas<\/h4><div class=\"desc\">Nullam interdum pellentesque orci at luctus. Vivamus scelerisque purus et auctor iaculis.<\/div><\/div><\/div>\n[\/vc_column][vc_column width=&#8221;1\/2&#8243;]<div class=\"list_item lists_2 clearfix\"><div class=\"list_left list_image\"><img loading=\"lazy\" decoding=\"async\" src=\"https:\/\/www.hotelpraiagrande.com.br\/novo\/wp-content\/uploads\/2015\/11\/icon_din.png\" class=\"scale-with-grid\" alt=\"icon_din\" width=\"77\" height=\"77\"\/><\/div><div class=\"list_right\"><h4 class=\"title \">Sem taxas escondidas<\/h4><div class=\"desc\">Nullam interdum pellentesque orci at luctus. Vivamus scelerisque purus et auctor iaculis.<\/div><\/div><\/div>\n<div class=\"list_item lists_2 clearfix\"><div class=\"list_left list_image\"><img loading=\"lazy\" decoding=\"async\" src=\"https:\/\/www.hotelpraiagrande.com.br\/novo\/wp-content\/uploads\/2015\/11\/icon_din.png\" class=\"scale-with-grid\" alt=\"icon_din\" width=\"77\" height=\"77\"\/><\/div><div class=\"list_right\"><h4 class=\"title \">Sem taxas escondidas<\/h4><div class=\"desc\">Nullam interdum pellentesque orci at luctus. Vivamus scelerisque purus et auctor iaculis.<\/div><\/div><\/div>\n<div class=\"list_item lists_2 clearfix\"><div class=\"list_left list_image\"><img loading=\"lazy\" decoding=\"async\" src=\"https:\/\/www.hotelpraiagrande.com.br\/novo\/wp-content\/uploads\/2015\/11\/icon_din.png\" class=\"scale-with-grid\" alt=\"icon_din\" width=\"77\" height=\"77\"\/><\/div><div class=\"list_right\"><h4 class=\"title \">Sem taxas escondidas<\/h4><div class=\"desc\">Nullam interdum pellentesque orci at luctus. Vivamus scelerisque purus et auctor iaculis.<\/div><\/div><\/div>\n[\/vc_column][\/vc_row]<\/p>\n<\/div>","protected":false},"excerpt":{"rendered":"<p>[vc_row css=&#8221;.vc_custom_1487862659475{padding-top: 120px !important;padding-bottom: 80px !important;}&#8221;][vc_column width=&#8221;1\/4&#8243;][vc_column_text] O Hotel [\/vc_column_text][\/vc_column][vc_column width=&#8221;3\/4&#8243;][vc_column_text] O\u00a0Praia Grande Hotel\u00a0est\u00e1 localizado na beira da praia, com uma excelente estrutura para atender a<span class=\"excerpt-hellip\"> [\u2026]<\/span><\/p>\n","protected":false},"author":1,"featured_media":3079,"parent":0,"menu_order":0,"comment_status":"closed","ping_status":"closed","template":"","meta":{"footnotes":"","_links_to":"","_links_to_target":""},"class_list":["post-28","page","type-page","status-publish","has-post-thumbnail","hentry"],"_links":{"self":[{"href":"https:\/\/www.hotelpraiagrande.com.br\/novo\/wp-json\/wp\/v2\/pages\/28","targetHints":{"allow":["GET"]}}],"collection":[{"href":"https:\/\/www.hotelpraiagrande.com.br\/novo\/wp-json\/wp\/v2\/pages"}],"about":[{"href":"https:\/\/www.hotelpraiagrande.com.br\/novo\/wp-json\/wp\/v2\/types\/page"}],"author":[{"embeddable":true,"href":"https:\/\/www.hotelpraiagrande.com.br\/novo\/wp-json\/wp\/v2\/users\/1"}],"replies":[{"embeddable":true,"href":"https:\/\/www.hotelpraiagrande.com.br\/novo\/wp-json\/wp\/v2\/comments?post=28"}],"version-history":[{"count":32,"href":"https:\/\/www.hotelpraiagrande.com.br\/novo\/wp-json\/wp\/v2\/pages\/28\/revisions"}],"predecessor-version":[{"id":12631,"href":"https:\/\/www.hotelpraiagrande.com.br\/novo\/wp-json\/wp\/v2\/pages\/28\/revisions\/12631"}],"wp:featuredmedia":[{"embeddable":true,"href":"https:\/\/www.hotelpraiagrande.com.br\/novo\/wp-json\/wp\/v2\/media\/3079"}],"wp:attachment":[{"href":"https:\/\/www.hotelpraiagrande.com.br\/novo\/wp-json\/wp\/v2\/media?parent=28"}],"curies":[{"name":"wp","href":"https:\/\/api.w.org\/{rel}","templated":true}]}}