{"id":12370,"date":"2020-04-23T17:29:44","date_gmt":"2020-04-23T20:29:44","guid":{"rendered":"http:\/\/www.hotelpraiagrande.com.br\/novo\/?page_id=12370"},"modified":"2026-03-02T17:03:48","modified_gmt":"2026-03-02T20:03:48","slug":"tarifas-baixa-temporada","status":"publish","type":"page","link":"https:\/\/www.hotelpraiagrande.com.br\/novo\/tarifas-baixa-temporada\/","title":{"rendered":"Baixa temporada"},"content":{"rendered":"<div class=\"wpb-content-wrapper\"><p>[vc_row][vc_column][vc_row_inner el_id=&#8221;verao&#8221;][vc_column_inner width=&#8221;1\/2&#8243;][vc_empty_space height=&#8221;40px&#8221;][vc_column_text css=&#8221;&#8221;]<\/p>\n<div style=\"border-left: 1px solid #c2c2c2; padding: 15px 0 5px 7%;\">\n<h4><strong>Baixa Temporada<\/strong><\/h4>\n<p>O Praia Grande Hotel est\u00e1 repleto de atra\u00e7\u00f5es&nbsp;durante o ano.<\/p>\n<p>A Partir do dia 01\/03\/2026<\/p>\n<div class=\"ql-block\" data-block-id=\"block-71c39d6c-e66f-41f9-af00-f4189ead15c4\">(FAVOR CONSULTAR O HOTEL PARA TARIFAS DE FERIADO PROLONGADO).<\/div>\n<\/div>\n<p>[\/vc_column_text][vc_empty_space height=&#8221;40px&#8221;][\/vc_column_inner][vc_column_inner width=&#8221;1\/2&#8243;][\/vc_column_inner][\/vc_row_inner][vc_row_inner][vc_column_inner][vc_empty_space height=&#8221;40px&#8221;][vc_column_text css=&#8221;&#8221;]<\/p>\n<h4 style=\"font-weight: 400;\">Tarif\u00e1rio baixa temporada 2026<\/h4>\n<p>[\/vc_column_text][vc_empty_space height=&#8221;40px&#8221;][\/vc_column_inner][\/vc_row_inner][vc_row_inner][vc_column_inner width=&#8221;1\/5&#8243;][\/vc_column_inner][vc_column_inner width=&#8221;1\/5&#8243;][vc_column_text css=&#8221;.vc_custom_1646677022715{padding-top: 10px !important;padding-right: 10px !important;padding-bottom: 10px !important;padding-left: 10px !important;background-color: rgba(0,156,247,0.36) !important;*background-color: rgb(0,156,247) !important;}&#8221;]<\/p>\n<h5><b>APARTAMENTO<\/b><\/h5>\n<p>[\/vc_column_text][vc_zigzag el_width=&#8221;70&#8243; el_border_width=&#8221;8&#8243;][\/vc_column_inner][vc_column_inner width=&#8221;1\/5&#8243;][vc_column_text css=&#8221;.vc_custom_1772479195047{padding-top: 10px !important;padding-right: 10px !important;padding-bottom: 10px !important;padding-left: 10px !important;background-color: rgba(106,195,247,0.36) !important;*background-color: rgb(106,195,247) !important;}&#8221;]<\/p>\n<h5><b>PARTICULAR<\/b><\/h5>\n<p>[\/vc_column_text][vc_zigzag el_width=&#8221;70&#8243; el_border_width=&#8221;8&#8243;][\/vc_column_inner][vc_column_inner width=&#8221;1\/5&#8243;][vc_column_text css=&#8221;.vc_custom_1772480477741{padding-top: 10px !important;padding-right: 10px !important;padding-bottom: 10px !important;padding-left: 10px !important;background-color: rgba(0,156,247,0.36) !important;*background-color: rgb(0,156,247) !important;}&#8221;]<\/p>\n<h5><b>VALOR<\/b><\/h5>\n<p>[\/vc_column_text][vc_zigzag el_width=&#8221;70&#8243; el_border_width=&#8221;8&#8243;][\/vc_column_inner][vc_column_inner width=&#8221;1\/5&#8243;][\/vc_column_inner][\/vc_row_inner][vc_row_inner][vc_column_inner width=&#8221;1\/5&#8243;][\/vc_column_inner][vc_column_inner width=&#8221;1\/5&#8243;][vc_column_text css=&#8221;.vc_custom_1646677286633{padding-top: 10px !important;padding-right: 10px !important;padding-bottom: 10px !important;padding-left: 10px !important;background-color: rgba(0,156,247,0.36) !important;*background-color: rgb(0,156,247) !important;}&#8221;]<\/p>\n<h5><b>Di\u00e1ria Individual<\/b><\/h5>\n<p>[\/vc_column_text][vc_zigzag el_width=&#8221;70&#8243; el_border_width=&#8221;8&#8243;][vc_column_text css=&#8221;.vc_custom_1646677303025{padding-top: 10px !important;padding-right: 10px !important;padding-bottom: 10px !important;padding-left: 10px !important;background-color: rgba(0,156,247,0.36) !important;*background-color: rgb(0,156,247) !important;}&#8221;]<\/p>\n<h5><b>Di\u00e1ria Casal\/Duplo<\/b><\/h5>\n<p>[\/vc_column_text][vc_zigzag el_width=&#8221;70&#8243; el_border_width=&#8221;8&#8243;][vc_column_text css=&#8221;.vc_custom_1646677325691{padding-top: 10px !important;padding-right: 10px !important;padding-bottom: 10px !important;padding-left: 10px !important;background-color: rgba(0,156,247,0.36) !important;*background-color: rgb(0,156,247) !important;}&#8221;]<\/p>\n<h5><b>Di\u00e1ria Triplo<\/b><\/h5>\n<p>[\/vc_column_text][vc_zigzag el_width=&#8221;70&#8243; el_border_width=&#8221;8&#8243;][\/vc_column_inner][vc_column_inner width=&#8221;1\/5&#8243;][vc_column_text css=&#8221;.vc_custom_1772480715423{padding-top: 10px !important;padding-right: 10px !important;padding-bottom: 10px !important;padding-left: 10px !important;background-color: rgba(106,195,247,0.36) !important;*background-color: rgb(106,195,247) !important;}&#8221;]<\/p>\n<h5><strong>FRENTE RUA<\/strong><\/h5>\n<p>[\/vc_column_text][vc_zigzag el_width=&#8221;70&#8243; el_border_width=&#8221;8&#8243;][vc_column_text css=&#8221;.vc_custom_1772480720618{padding-top: 10px !important;padding-right: 10px !important;padding-bottom: 10px !important;padding-left: 10px !important;background-color: rgba(106,195,247,0.36) !important;*background-color: rgb(106,195,247) !important;}&#8221;]<\/p>\n<h5><strong>FRENTE RUA<\/strong><\/h5>\n<p>[\/vc_column_text][vc_zigzag el_width=&#8221;70&#8243; el_border_width=&#8221;8&#8243;][vc_column_text css=&#8221;.vc_custom_1772480732911{padding-top: 10px !important;padding-right: 10px !important;padding-bottom: 10px !important;padding-left: 10px !important;background-color: rgba(106,195,247,0.36) !important;*background-color: rgb(106,195,247) !important;}&#8221;]<\/p>\n<h5><strong>FRENTE RUA<\/strong><\/h5>\n<p>[\/vc_column_text][vc_zigzag el_width=&#8221;70&#8243; el_border_width=&#8221;8&#8243;][\/vc_column_inner][vc_column_inner width=&#8221;1\/5&#8243;][vc_column_text css=&#8221;.vc_custom_1772481330811{padding-top: 10px !important;padding-right: 10px !important;padding-bottom: 10px !important;padding-left: 10px !important;background-color: #009CF75C !important;}&#8221;]<\/p>\n<h5><strong>R$ 380,85<\/strong><\/h5>\n<p>[\/vc_column_text][vc_zigzag el_width=&#8221;70&#8243; el_border_width=&#8221;8&#8243;][vc_column_text css=&#8221;.vc_custom_1772481341490{padding-top: 10px !important;padding-right: 10px !important;padding-bottom: 10px !important;padding-left: 10px !important;background-color: #009CF75C !important;}&#8221;]<\/p>\n<h5><strong>R$ 534,53<\/strong><\/h5>\n<p>[\/vc_column_text][vc_zigzag el_width=&#8221;70&#8243; el_border_width=&#8221;8&#8243;][vc_column_text css=&#8221;.vc_custom_1772481361479{padding-top: 10px !important;padding-right: 10px !important;padding-bottom: 10px !important;padding-left: 10px !important;background-color: #009CF75C !important;}&#8221;]<\/p>\n<h5><strong>R$ 718,28<\/strong><\/h5>\n<p>[\/vc_column_text][vc_zigzag el_width=&#8221;70&#8243; el_border_width=&#8221;8&#8243;][\/vc_column_inner][vc_column_inner width=&#8221;1\/5&#8243;][\/vc_column_inner][\/vc_row_inner][vc_row_inner][vc_column_inner width=&#8221;1\/5&#8243;][\/vc_column_inner][vc_column_inner width=&#8221;1\/5&#8243;][vc_column_text css=&#8221;.vc_custom_1772481072352{padding-top: 10px !important;padding-right: 10px !important;padding-bottom: 10px !important;padding-left: 10px !important;background-color: rgba(0,156,247,0.36) !important;*background-color: rgb(0,156,247) !important;}&#8221;]<\/p>\n<h5><b>SU\u00cdTE CASAL<\/p>\n<p><\/b><\/h5>\n<p>[\/vc_column_text][vc_zigzag el_width=&#8221;70&#8243; el_border_width=&#8221;8&#8243;][\/vc_column_inner][vc_column_inner width=&#8221;1\/5&#8243;][vc_column_text css=&#8221;.vc_custom_1772480789758{padding-top: 10px !important;padding-right: 10px !important;padding-bottom: 10px !important;padding-left: 10px !important;background-color: rgba(106,195,247,0.36) !important;*background-color: rgb(106,195,247) !important;}&#8221;]<\/p>\n<h5><strong>LATERAL MAR<\/strong><\/h5>\n<p>[\/vc_column_text][vc_zigzag el_width=&#8221;70&#8243; el_border_width=&#8221;8&#8243;][\/vc_column_inner][vc_column_inner width=&#8221;1\/5&#8243;][vc_column_text css=&#8221;.vc_custom_1772481373923{padding-top: 10px !important;padding-right: 10px !important;padding-bottom: 10px !important;padding-left: 10px !important;background-color: #009CF75C !important;}&#8221;]<\/p>\n<h5><strong>R$ 841,64<\/strong><\/h5>\n<p>[\/vc_column_text][vc_zigzag el_width=&#8221;70&#8243; el_border_width=&#8221;8&#8243;][\/vc_column_inner][vc_column_inner width=&#8221;1\/5&#8243;][\/vc_column_inner][\/vc_row_inner][vc_row_inner][vc_column_inner width=&#8221;1\/5&#8243;][\/vc_column_inner][vc_column_inner width=&#8221;1\/5&#8243;][vc_column_text css=&#8221;.vc_custom_1709576462814{padding-top: 10px !important;padding-right: 10px !important;padding-bottom: 10px !important;padding-left: 10px !important;background-color: rgba(0,156,247,0.36) !important;*background-color: rgb(0,156,247) !important;}&#8221;]<\/p>\n<h5><strong>SUITE TRIPLA<\/strong><\/h5>\n<p>[\/vc_column_text][vc_zigzag el_width=&#8221;70&#8243; el_border_width=&#8221;8&#8243;][vc_column_text css=&#8221;.vc_custom_1709576505647{padding-top: 10px !important;padding-right: 10px !important;padding-bottom: 10px !important;padding-left: 10px !important;background-color: rgba(0,156,247,0.36) !important;*background-color: rgb(0,156,247) !important;}&#8221;]<\/p>\n<h5><strong>QUARTO SALA 4 PESSOAS<\/strong><\/h5>\n<p>[\/vc_column_text][vc_zigzag el_width=&#8221;70&#8243; el_border_width=&#8221;8&#8243;][vc_zigzag el_width=&#8221;70&#8243; el_border_width=&#8221;8&#8243;][vc_zigzag el_width=&#8221;70&#8243; el_border_width=&#8221;8&#8243;][\/vc_column_inner][vc_column_inner width=&#8221;1\/5&#8243;][vc_column_text css=&#8221;.vc_custom_1772480789758{padding-top: 10px !important;padding-right: 10px !important;padding-bottom: 10px !important;padding-left: 10px !important;background-color: rgba(106,195,247,0.36) !important;*background-color: rgb(106,195,247) !important;}&#8221;]<\/p>\n<h5><strong>LATERAL MAR<\/strong><\/h5>\n<p>[\/vc_column_text][vc_zigzag el_width=&#8221;70&#8243; el_border_width=&#8221;8&#8243;][vc_column_text css=&#8221;.vc_custom_1772480919939{padding-top: 10px !important;padding-right: 10px !important;padding-bottom: 10px !important;padding-left: 10px !important;background-color: rgba(106,195,247,0.36) !important;*background-color: rgb(106,195,247) !important;}&#8221;]<\/p>\n<h5><strong>LATERAL MAR<\/strong><\/h5>\n<p>[\/vc_column_text][vc_zigzag el_width=&#8221;70&#8243; el_border_width=&#8221;8&#8243;][vc_zigzag el_width=&#8221;70&#8243; el_border_width=&#8221;8&#8243;][vc_zigzag el_width=&#8221;70&#8243; el_border_width=&#8221;8&#8243;][\/vc_column_inner][vc_column_inner width=&#8221;1\/5&#8243;][vc_column_text css=&#8221;.vc_custom_1772481414733{padding-top: 10px !important;padding-right: 10px !important;padding-bottom: 10px !important;padding-left: 10px !important;background-color: #009CF75C !important;}&#8221;]<\/p>\n<h5><strong>R$ 1.064,04<\/strong><\/h5>\n<p>[\/vc_column_text][vc_zigzag el_width=&#8221;70&#8243; el_border_width=&#8221;8&#8243;][vc_column_text css=&#8221;.vc_custom_1772481431487{padding-top: 10px !important;padding-right: 10px !important;padding-bottom: 10px !important;padding-left: 10px !important;background-color: #009CF75C !important;}&#8221;]<\/p>\n<h5><strong>R$ 1.149,32<\/strong><\/h5>\n<p>[\/vc_column_text][vc_zigzag el_width=&#8221;70&#8243; el_border_width=&#8221;8&#8243;][vc_zigzag el_width=&#8221;70&#8243; el_border_width=&#8221;8&#8243;][vc_zigzag el_width=&#8221;70&#8243; el_border_width=&#8221;8&#8243;][\/vc_column_inner][vc_column_inner width=&#8221;1\/5&#8243;][\/vc_column_inner][\/vc_row_inner][vc_row_inner][vc_column_inner][vc_empty_space height=&#8221;40px&#8221;][vc_column_text css=&#8221;&#8221;]<span style=\"color: #ff0000;\"><strong>Obs.:<\/strong><\/span><\/p>\n<ul>\n<li><strong>Cama Extra<\/strong> &#8211; <strong>R$ 150,00 (colchonete no piso) v\u00e1lido<\/strong> <strong>somente para apto qu\u00e1druplo<\/strong><\/li>\n<li><strong>01 (uma) crian\u00e7a de at\u00e9 05 (cinco) anos acompanhada pelos pais\/e ou respons\u00e1vel n\u00e3o paga &#8211; cortesia (colchonete no piso)<\/strong><\/li>\n<\/ul>\n<pre>Caso conste da reserva duas ou mais crian\u00e7as abaixo de 5 anos de idade, as demais pagar\u00e3o meia di\u00e1ria<\/pre>\n<p><strong>INFORMATIVO AOS H\u00d3SPEDES<\/strong><\/p>\n<ul>\n<li>Check in (chegada) \u00e0s 14h | Check out (sa\u00edda) \u00e0s 12h<\/li>\n<li>Nossas di\u00e1rias s\u00e3o cobradas na entrada<\/li>\n<li>Caf\u00e9 da manh\u00e3 incluso na di\u00e1ria quando servido no restaurante<\/li>\n<\/ul>\n<p><strong>FORMA DE PAGAMENTO<\/strong><\/p>\n<ul>\n<li>Pagamento \u00e0 vista (dep\u00f3sito integral ou pix): desconto de 5%<\/li>\n<li>N\u00e3o aceitamos cheques<\/li>\n<li>Pagamento parcelado: entrada de 30% e o restante dividido em at\u00e9 3x nos cart\u00f5es acima de 02 di\u00e1rias<\/li>\n<\/ul>\n<p>[\/vc_column_text][\/vc_column_inner][\/vc_row_inner][vc_empty_space height=&#8221;80px&#8221;][\/vc_column][\/vc_row][vc_row full_width=&#8221;stretch_row&#8221; disable_element=&#8221;yes&#8221;][vc_column][vc_row_inner][vc_column_inner width=&#8221;1\/3&#8243;][vc_empty_space height=&#8221;40px&#8221;][vc_column_text]<\/p>\n<h2>Tarifas<\/h2>\n<p>[\/vc_column_text][vc_empty_space height=&#8221;40px&#8221;][\/vc_column_inner][vc_column_inner width=&#8221;2\/3&#8243;][vc_column_text]<\/p>\n<div style=\"border-left: 1px solid #c2c2c2; padding: 15px 0 5px 7%;\">\n<h4><strong>Baixa Temporada<\/strong><\/h4>\n<p>O Praia Grande Hotel est\u00e1 repleto de atra\u00e7\u00f5es\u00a0durante o ano.<\/p>\n<p>&nbsp;<\/p><\/div>\n<p>[\/vc_column_text][\/vc_column_inner][\/vc_row_inner][vc_empty_space height=&#8221;50px&#8221;][\/vc_column][\/vc_row][vc_row full_width=&#8221;stretch_row&#8221; disable_element=&#8221;yes&#8221; css=&#8221;.vc_custom_1579262244868{margin-bottom: 0px !important;padding-top: 100px !important;padding-bottom: 100px !important;background-image: url(https:\/\/www.hotelpraiagrande.com.br\/novo\/wp-content\/uploads\/2015\/11\/home_hotel2_pattern.png?id=9) !important;background-position: 0 0 !important;background-repeat: repeat !important;}&#8221;][vc_column][\/vc_column][\/vc_row][vc_row disable_element=&#8221;yes&#8221;][vc_column][vc_row_inner][vc_column_inner width=&#8221;1\/6&#8243;][\/vc_column_inner][vc_column_inner width=&#8221;2\/3&#8243;][vc_empty_space height=&#8221;40px&#8221;][vc_column_text]<\/p>\n<h4 style=\"font-weight: 400;\">Tarifas de baixa temporada at\u00e9 dia 13 de Dezembro de 2019<\/h4>\n<p>[\/vc_column_text][vc_empty_space height=&#8221;40px&#8221;][vc_column_text css=&#8221;.vc_custom_1566841904752{padding-top: 5px !important;padding-right: 10px !important;padding-bottom: 5px !important;padding-left: 10px !important;background-color: #3e8ed5 !important;}&#8221;]<\/p>\n<table border=\"0\" width=\"100%\" cellspacing=\"2\" cellpadding=\"2\">\n<tbody>\n<tr>\n<td class=\"verdanacinzamaisclaro11\" bgcolor=\"#EFEDE1\" width=\"25%\">\n<div align=\"center\"><span style=\"color: #ffffff;\"><strong>SU\u00cdTES LUXO<\/strong><\/span><\/div>\n<\/td>\n<td class=\"verdanacinzamaisclaro11\" bgcolor=\"#EFEDE1\" width=\"25%\">\n<div align=\"center\"><span style=\"color: #ffffff;\"><strong>APTO INDIVIDUAL<\/strong><\/span><\/div>\n<\/td>\n<td class=\"verdanacinzamaisclaro11\" bgcolor=\"#EFEDE1\" width=\"25%\">\n<div align=\"center\"><span style=\"color: #ffffff;\"><strong><span class=\"tx\">APTO\u00a0<\/span><span class=\"tx\">CASAL<\/span><span class=\"tx\">\u00a0<\/span><span class=\"tx\">OU 02\u00a0<\/span><span class=\"tx\">CAMA<\/span><span class=\"tx\">S<\/span><span class=\"tx\">\u00a0<\/span><span class=\"tx\">SOLTEIRO<\/span><\/strong><\/span><\/div>\n<\/td>\n<td class=\"verdanacinzamaisclaro11\" bgcolor=\"#EFEDE1\" width=\"25%\">\n<div align=\"center\"><span style=\"color: #ffffff;\"><strong><span class=\"tx\">APTO CASAL<\/span><span class=\"tx\">+ UMA CAMA EXTRA<\/span><\/strong><\/span><\/div>\n<\/td>\n<\/tr>\n<tr>\n<td class=\"verdanacinzamaisclaro11\" align=\"center\"><span style=\"color: #ffffff;\">Frente para rua<\/span><\/td>\n<td class=\"verdanacinzamaisclaro11\">\n<div align=\"center\"><span style=\"color: #ffffff;\">R$ 165,00<\/span><\/div>\n<\/td>\n<td class=\"verdanacinzamaisclaro11\">\n<div align=\"center\"><span style=\"color: #ffffff;\">R$ 199,00<\/span><\/div>\n<\/td>\n<td class=\"verdanacinzamaisclaro11\">\n<div align=\"center\"><span style=\"color: #ffffff;\">R$ 279,00<\/span><\/div>\n<\/td>\n<\/tr>\n<tr>\n<td class=\"verdanacinzamaisclaro11\">\n<div align=\"center\"><span style=\"color: #ffffff;\">Lateral Mar<\/span><\/div>\n<\/td>\n<td class=\"verdanacinzamaisclaro11\">\n<div align=\"center\"><span style=\"color: #ffffff;\">R$165,00<\/span><\/div>\n<\/td>\n<td class=\"verdanacinzamaisclaro11\">\n<div align=\"center\"><span style=\"color: #ffffff;\">R$ 199,00<\/span><\/div>\n<\/td>\n<td class=\"verdanacinzamaisclaro11\">\n<div align=\"center\"><span style=\"color: #ffffff;\">R$ 279,00<\/span><\/div>\n<\/td>\n<\/tr>\n<tr>\n<td class=\"verdanacinzamaisclaro11\">\n<div align=\"center\"><span style=\"color: #ffffff;\">Frente para Piscina<\/span><\/div>\n<\/td>\n<td class=\"verdanacinzamaisclaro11\">\n<div align=\"center\"><span style=\"color: #ffffff;\">R$ 165,00<\/span><\/div>\n<\/td>\n<td class=\"verdanacinzamaisclaro11\">\n<div align=\"center\"><span style=\"color: #ffffff;\">R$ 199,00<\/span><\/div>\n<\/td>\n<td class=\"verdanacinzamaisclaro11\">\n<div align=\"center\"><span style=\"color: #ffffff;\">R$ 279,00<\/span><\/div>\n<\/td>\n<\/tr>\n<\/tbody>\n<\/table>\n<p><span style=\"color: #ffffff;\"><strong>Obs: uma crian\u00e7a at\u00e9 5 anos no mesmo apto \u2013 cortesia (colchonete no piso)<\/strong><\/span>[\/vc_column_text][vc_empty_space][vc_column_text css=&#8221;.vc_custom_1520446187307{padding-top: 5px !important;padding-right: 10px !important;padding-bottom: 10px !important;padding-left: 5px !important;background-color: #3e8ed5 !important;}&#8221;]<\/p>\n<table border=\"0\" width=\"100%\" cellspacing=\"2\" cellpadding=\"2\">\n<tbody>\n<tr>\n<td class=\"verdanacinzamaisclaro11\" bgcolor=\"#EFEDE1\" width=\"25%\">\n<div align=\"center\"><span style=\"color: #ffffff;\"><strong>SU\u00cdTE ESPECIAL(Casal\/Fam\u00edlia)<\/strong><\/span><\/div>\n<\/td>\n<td class=\"verdanacinzamaisclaro11\" bgcolor=\"#EFEDE1\" width=\"25%\">\n<div align=\"center\"><span style=\"color: #ffffff;\"><strong>APTO\u00a0CASAL<\/strong><\/span><\/div>\n<\/td>\n<td class=\"verdanacinzamaisclaro11\" bgcolor=\"#EFEDE1\" width=\"25%\">\n<div align=\"center\"><span style=\"color: #ffffff;\"><strong><span class=\"tx\">APTO\u00a0<\/span><span class=\"tx\">TRIPLO<\/span><\/strong><\/span><\/div>\n<\/td>\n<td class=\"verdanacinzamaisclaro11\" bgcolor=\"#EFEDE1\" width=\"25%\">\n<div align=\"center\"><span style=\"color: #ffffff;\"><strong><span class=\"tx\">APTO\u00a0QUADRUPLO<\/span><\/strong><\/span><\/div>\n<\/td>\n<\/tr>\n<tr>\n<td class=\"verdanacinzamaisclaro11\" align=\"center\"><span style=\"color: #ffffff;\">Frente para o Mar ou Lateral<\/span><\/td>\n<td class=\"verdanacinzamaisclaro11\">\n<div align=\"center\"><span style=\"color: #ffffff;\">R$ 285,00<\/span><\/div>\n<\/td>\n<td class=\"verdanacinzamaisclaro11\">\n<div align=\"center\"><span style=\"color: #ffffff;\">R$ 365,00<\/span><\/div>\n<\/td>\n<td class=\"verdanacinzamaisclaro11\">\n<div align=\"center\"><span style=\"color: #ffffff;\">R$ 445,00<\/span><\/div>\n<\/td>\n<\/tr>\n<tr>\n<td class=\"verdanacinzamaisclaro11\">\n<div style=\"text-align: center;\" align=\"center\"><span style=\"color: #ffffff;\"><strong><span class=\"tx\">Cama Extra<\/span><\/strong><\/span><\/div>\n<\/td>\n<td class=\"Cor\" style=\"text-align: center;\" colspan=\"3\"><span style=\"color: #ffffff;\"><span class=\"tx\">R$\u00a07<\/span><span class=\"tx\">0<\/span><span class=\"tx\">,00\u00a0<\/span><span class=\"tx\">(colchonete no piso)<\/span><span class=\"tx\">\u00a0<\/span><span class=\"tx\">v\u00e1lido somente para apto qu\u00e1druplo<\/span><\/span><\/td>\n<\/tr>\n<\/tbody>\n<\/table>\n<p><strong><span style=\"color: #ffffff;\">Obs: uma crian\u00e7a at\u00e9 5 anos no mesmo apto \u2013 cortesia (colchonete no piso)<\/span><\/strong>[\/vc_column_text][\/vc_column_inner][vc_column_inner width=&#8221;1\/6&#8243;][\/vc_column_inner][\/vc_row_inner][vc_empty_space height=&#8221;80px&#8221;][\/vc_column][\/vc_row]<\/p>\n<\/div>","protected":false},"excerpt":{"rendered":"<p>[vc_row][vc_column][vc_row_inner el_id=&#8221;verao&#8221;][vc_column_inner width=&#8221;1\/2&#8243;][vc_empty_space height=&#8221;40px&#8221;][vc_column_text css=&#8221;&#8221;] Baixa Temporada O Praia Grande Hotel est\u00e1 repleto de atra\u00e7\u00f5es&nbsp;durante o ano. A Partir do dia 01\/03\/2026 (FAVOR CONSULTAR O HOTEL<span class=\"excerpt-hellip\"> [\u2026]<\/span><\/p>\n","protected":false},"author":1,"featured_media":0,"parent":0,"menu_order":0,"comment_status":"closed","ping_status":"closed","template":"","meta":{"footnotes":"","_links_to":"","_links_to_target":""},"class_list":["post-12370","page","type-page","status-publish","hentry"],"_links":{"self":[{"href":"https:\/\/www.hotelpraiagrande.com.br\/novo\/wp-json\/wp\/v2\/pages\/12370","targetHints":{"allow":["GET"]}}],"collection":[{"href":"https:\/\/www.hotelpraiagrande.com.br\/novo\/wp-json\/wp\/v2\/pages"}],"about":[{"href":"https:\/\/www.hotelpraiagrande.com.br\/novo\/wp-json\/wp\/v2\/types\/page"}],"author":[{"embeddable":true,"href":"https:\/\/www.hotelpraiagrande.com.br\/novo\/wp-json\/wp\/v2\/users\/1"}],"replies":[{"embeddable":true,"href":"https:\/\/www.hotelpraiagrande.com.br\/novo\/wp-json\/wp\/v2\/comments?post=12370"}],"version-history":[{"count":45,"href":"https:\/\/www.hotelpraiagrande.com.br\/novo\/wp-json\/wp\/v2\/pages\/12370\/revisions"}],"predecessor-version":[{"id":12729,"href":"https:\/\/www.hotelpraiagrande.com.br\/novo\/wp-json\/wp\/v2\/pages\/12370\/revisions\/12729"}],"wp:attachment":[{"href":"https:\/\/www.hotelpraiagrande.com.br\/novo\/wp-json\/wp\/v2\/media?parent=12370"}],"curies":[{"name":"wp","href":"https:\/\/api.w.org\/{rel}","templated":true}]}}