{"id":12131,"date":"2017-12-28T06:36:58","date_gmt":"2017-12-28T08:36:58","guid":{"rendered":"http:\/\/www.hotelpraiagrande.com.br\/novo\/?page_id=12131"},"modified":"2024-02-08T16:19:54","modified_gmt":"2024-02-08T19:19:54","slug":"restaurante","status":"publish","type":"page","link":"https:\/\/www.hotelpraiagrande.com.br\/novo\/restaurante\/","title":{"rendered":"Restaurante"},"content":{"rendered":"<div class=\"wpb-content-wrapper\"><p>[vc_row][vc_column][vc_empty_space height=&#8221;50px&#8221;][vc_row_inner][vc_column_inner width=&#8221;1\/3&#8243;][vc_empty_space height=&#8221;40px&#8221;][vc_column_text]<\/p>\n<h2>Restaurante<\/h2>\n<p>[\/vc_column_text][\/vc_column_inner][vc_column_inner width=&#8221;2\/3&#8243;][vc_column_text]<\/p>\n<div style=\"border-left: 1px solid #c2c2c2; padding: 15px 0 5px 7%;\">\n<h4><strong>Card\u00e1pio com op\u00e7\u00f5es para todos os gostos<\/strong><\/h4>\n<p>O sabor de comida caseira com um toque especial\u00a0para para sua fam\u00edlia.<\/p>\n<p>&nbsp;<\/p><\/div>\n<p>[\/vc_column_text][\/vc_column_inner][\/vc_row_inner][vc_empty_space height=&#8221;50px&#8221;][vc_row_inner equal_height=&#8221;yes&#8221; content_placement=&#8221;middle&#8221; gap=&#8221;20&#8243;][vc_column_inner width=&#8221;1\/2&#8243;][vc_column_text]O restaurante panor\u00e2mico de frente para o mar, o som das \u00e1guas e a brisa mar\u00edtima fazem de uma refei\u00e7\u00e3o em nosso restaurante um programa inesquec\u00edvel. O Card\u00e1pio conta com entradas, pratos executivos, guarni\u00e7\u00f5es, aves, carnes, frutos do mar e especialidades da terra.<\/p>\n<p>Pensa que acabou ? Ainda temos op\u00e7\u00f5es de lanches e por\u00e7\u00f5es.<\/p>\n<p>&nbsp;<\/p>\n<p>Nosso <strong>RESTAURANTE <\/strong>atende tamb\u00e9m a eventos corporativos, sociais e religiosos (anivers\u00e1rios, casamentos, batizados, confraterniza\u00e7\u00f5es, encontros de casais, retiro entre outros).[\/vc_column_text][\/vc_column_inner][vc_column_inner width=&#8221;1\/2&#8243; css=&#8221;.vc_custom_1513261097728{padding-top: 200px !important;background-image: url(https:\/\/www.hotelpraiagrande.com.br\/novo\/wp-content\/uploads\/2017\/07\/restaurante-001.jpg?id=12003) !important;background-position: center !important;background-repeat: no-repeat !important;background-size: cover !important;}&#8221;][\/vc_column_inner][\/vc_row_inner][\/vc_column][\/vc_row][vc_row][vc_column][vc_empty_space height=&#8221;50px&#8221;][vc_empty_space height=&#8221;50px&#8221;][vc_media_grid element_width=&#8221;3&#8243; item=&#8221;mediaGrid_SimpleOverlay&#8221; grid_id=&#8221;vc_gid:1707419927621-e284903d47a595376563a8e180b49a85-3&#8243; include=&#8221;12144,12143,12142,12141,12139,12138,12137,12136&#8243;][vc_empty_space height=&#8221;50px&#8221;][\/vc_column][\/vc_row][vc_row][vc_column][\/vc_column][\/vc_row]<\/p>\n<\/div>","protected":false},"excerpt":{"rendered":"<p>[vc_row][vc_column][vc_empty_space height=&#8221;50px&#8221;][vc_row_inner][vc_column_inner width=&#8221;1\/3&#8243;][vc_empty_space height=&#8221;40px&#8221;][vc_column_text] Restaurante [\/vc_column_text][\/vc_column_inner][vc_column_inner width=&#8221;2\/3&#8243;][vc_column_text] Card\u00e1pio com op\u00e7\u00f5es para todos os gostos O sabor de comida caseira com um toque especial\u00a0para para sua fam\u00edlia.<span class=\"excerpt-hellip\"> [\u2026]<\/span><\/p>\n","protected":false},"author":1,"featured_media":0,"parent":0,"menu_order":0,"comment_status":"closed","ping_status":"closed","template":"","meta":{"footnotes":"","_links_to":"","_links_to_target":""},"class_list":["post-12131","page","type-page","status-publish","hentry"],"_links":{"self":[{"href":"https:\/\/www.hotelpraiagrande.com.br\/novo\/wp-json\/wp\/v2\/pages\/12131","targetHints":{"allow":["GET"]}}],"collection":[{"href":"https:\/\/www.hotelpraiagrande.com.br\/novo\/wp-json\/wp\/v2\/pages"}],"about":[{"href":"https:\/\/www.hotelpraiagrande.com.br\/novo\/wp-json\/wp\/v2\/types\/page"}],"author":[{"embeddable":true,"href":"https:\/\/www.hotelpraiagrande.com.br\/novo\/wp-json\/wp\/v2\/users\/1"}],"replies":[{"embeddable":true,"href":"https:\/\/www.hotelpraiagrande.com.br\/novo\/wp-json\/wp\/v2\/comments?post=12131"}],"version-history":[{"count":5,"href":"https:\/\/www.hotelpraiagrande.com.br\/novo\/wp-json\/wp\/v2\/pages\/12131\/revisions"}],"predecessor-version":[{"id":12576,"href":"https:\/\/www.hotelpraiagrande.com.br\/novo\/wp-json\/wp\/v2\/pages\/12131\/revisions\/12576"}],"wp:attachment":[{"href":"https:\/\/www.hotelpraiagrande.com.br\/novo\/wp-json\/wp\/v2\/media?parent=12131"}],"curies":[{"name":"wp","href":"https:\/\/api.w.org\/{rel}","templated":true}]}}