{"id":12129,"date":"2017-12-28T06:36:35","date_gmt":"2017-12-28T08:36:35","guid":{"rendered":"http:\/\/www.hotelpraiagrande.com.br\/novo\/?page_id=12129"},"modified":"2024-04-30T14:31:55","modified_gmt":"2024-04-30T17:31:55","slug":"lazer","status":"publish","type":"page","link":"https:\/\/www.hotelpraiagrande.com.br\/novo\/lazer\/","title":{"rendered":"Lazer"},"content":{"rendered":"<div class=\"wpb-content-wrapper\"><p>[vc_row][vc_column][vc_empty_space height=&#8221;50px&#8221;][\/vc_column][\/vc_row][vc_row full_width=&#8221;stretch_row&#8221;][vc_column][vc_row_inner][vc_column_inner width=&#8221;1\/3&#8243;][vc_empty_space height=&#8221;40px&#8221;][vc_column_text]<\/p>\n<h2>Lazer<\/h2>\n<p>[\/vc_column_text][vc_empty_space height=&#8221;40px&#8221;][\/vc_column_inner][vc_column_inner width=&#8221;2\/3&#8243;][vc_column_text]<\/p>\n<div style=\"border-left: 1px solid #c2c2c2; padding: 15px 0 5px 7%;\">\n<h4><strong>Venha se divertir conosco<\/strong><\/h4>\n<p>O Praia Grande Hotel est\u00e1 repleto de op\u00e7\u00f5es de lazer para toda fam\u00edlia<\/p>\n<p>&nbsp;<\/p>\n<\/div>\n<p>[\/vc_column_text][\/vc_column_inner][\/vc_row_inner][vc_empty_space height=&#8221;50px&#8221;][vc_row_inner equal_height=&#8221;yes&#8221; content_placement=&#8221;middle&#8221; gap=&#8221;20&#8243; css=&#8221;.vc_custom_1514465827248{background-position: center !important;background-repeat: no-repeat !important;background-size: cover !important;}&#8221;][vc_column_inner width=&#8221;1\/2&#8243;][vc_column_text]O Hotel tem v\u00e1rias op\u00e7\u00f5es de divers\u00e3o. Conta com duas piscinas para crian\u00e7as e adultos, al\u00e9m do nosso barzinho, pr\u00f3ximo as piscinas, para descontra\u00e7\u00e3o. Durante o dia ou \u00e0 noite, a sala de TV traz mais um momento de tranquilidade. Para a crian\u00e7ada temos playground e sala de jogos. Sem contar com a praia a menos de 10 metros do hotel e a agitada vida noturna do balne\u00e1rio no ver\u00e3o.[\/vc_column_text][\/vc_column_inner][vc_column_inner width=&#8221;1\/2&#8243; css=&#8221;.vc_custom_1514466292011{background-image: url(https:\/\/www.hotelpraiagrande.com.br\/novo\/wp-content\/uploads\/2017\/12\/praia.jpg?id=12149) !important;background-position: center !important;background-repeat: no-repeat !important;background-size: cover !important;}&#8221;][\/vc_column_inner][\/vc_row_inner][vc_empty_space height=&#8221;80px&#8221;][\/vc_column][\/vc_row][vc_row][vc_column][vc_media_grid element_width=&#8221;3&#8243; item=&#8221;mediaGrid_SimpleOverlay&#8221; grid_id=&#8221;vc_gid:1714498203248-c6d3165a-4b52-2&#8243; include=&#8221;12041,12042,12043,12044,12053,12667,12668&#8243;][vc_empty_space height=&#8221;50px&#8221;][\/vc_column][\/vc_row]<\/p>\n<\/div>","protected":false},"excerpt":{"rendered":"<p>[vc_row][vc_column][vc_empty_space height=&#8221;50px&#8221;][\/vc_column][\/vc_row][vc_row full_width=&#8221;stretch_row&#8221;][vc_column][vc_row_inner][vc_column_inner width=&#8221;1\/3&#8243;][vc_empty_space height=&#8221;40px&#8221;][vc_column_text] Lazer [\/vc_column_text][vc_empty_space height=&#8221;40px&#8221;][\/vc_column_inner][vc_column_inner width=&#8221;2\/3&#8243;][vc_column_text] Venha se divertir conosco O Praia Grande Hotel est\u00e1 repleto de op\u00e7\u00f5es de lazer para toda fam\u00edlia<span class=\"excerpt-hellip\"> [\u2026]<\/span><\/p>\n","protected":false},"author":1,"featured_media":0,"parent":0,"menu_order":0,"comment_status":"closed","ping_status":"closed","template":"","meta":{"footnotes":"","_links_to":"","_links_to_target":""},"class_list":["post-12129","page","type-page","status-publish","hentry"],"_links":{"self":[{"href":"https:\/\/www.hotelpraiagrande.com.br\/novo\/wp-json\/wp\/v2\/pages\/12129","targetHints":{"allow":["GET"]}}],"collection":[{"href":"https:\/\/www.hotelpraiagrande.com.br\/novo\/wp-json\/wp\/v2\/pages"}],"about":[{"href":"https:\/\/www.hotelpraiagrande.com.br\/novo\/wp-json\/wp\/v2\/types\/page"}],"author":[{"embeddable":true,"href":"https:\/\/www.hotelpraiagrande.com.br\/novo\/wp-json\/wp\/v2\/users\/1"}],"replies":[{"embeddable":true,"href":"https:\/\/www.hotelpraiagrande.com.br\/novo\/wp-json\/wp\/v2\/comments?post=12129"}],"version-history":[{"count":6,"href":"https:\/\/www.hotelpraiagrande.com.br\/novo\/wp-json\/wp\/v2\/pages\/12129\/revisions"}],"predecessor-version":[{"id":12671,"href":"https:\/\/www.hotelpraiagrande.com.br\/novo\/wp-json\/wp\/v2\/pages\/12129\/revisions\/12671"}],"wp:attachment":[{"href":"https:\/\/www.hotelpraiagrande.com.br\/novo\/wp-json\/wp\/v2\/media?parent=12129"}],"curies":[{"name":"wp","href":"https:\/\/api.w.org\/{rel}","templated":true}]}}